{"id":875,"date":"2012-07-20T14:18:42","date_gmt":"2012-07-20T12:18:42","guid":{"rendered":""},"modified":"2026-01-30T07:55:57","modified_gmt":"2026-01-30T06:55:57","slug":"strona-glowna","status":"publish","type":"page","link":"https:\/\/foto.pk.edu.pl\/","title":{"rendered":"Kurs fotografii"},"content":{"rendered":"<p align=\"JUSTIFY\"><strong>Otwarte Studium Fotografii<\/strong> to profesjonalny <strong>kurs fotografii<\/strong>, przeznaczony zar\u00f3wno dla<strong>\u00a0pocz\u0105tkuj\u0105cych<\/strong>\u00a0pasjonat\u00f3w, jak i dla fotograf\u00f3w &#8211; amator\u00f3w, chc\u0105cych udoskonali\u0107 swoje umiej\u0119tno\u015bci i pog\u0142\u0119bi\u0107 dotychczasow\u0105 wiedz\u0119. Formu\u0142a Studium jest otwarta, do udzia\u0142u w zaj\u0119ciach zapraszamy wszystkich. Wyk\u0142ady i zaj\u0119cia praktyczne trwaj\u0105 jeden semestr i odbywaj\u0105 si\u0119 pod opiek\u0105 uznanych wyk\u0142adowc\u00f3w <strong>Politechniki Krakowskiej<\/strong>, <strong>Akademii Sztuk Pi\u0119knych w Krakowie<\/strong>, <strong>Uniwersytetu Jagiello\u0144skiego<\/strong> oraz cz\u0142onk\u00f3w <strong>Zwi\u0105zku Polskich Artyst\u00f3w Fotografik\u00f3w<\/strong>, a tak\u017ce pracownik\u00f3w <strong>Muzeum Fotografii w Krakowie<\/strong>. Wiedza teoretyczna o\u00a0<strong>fotografii<\/strong>, w po\u0142\u0105czeniu z praktyk\u0105 doskonalon\u0105 w pracowni fotograficznej, komputerowej oraz w plenerze, to znakomita wprawa pobudzaj\u0105ca zmys\u0142 obserwacji i wra\u017cliwo\u015b\u0107 na odbi\u00f3r obrazu. Studium zaprasza tych, dla kt\u00f3rych <strong>aparat fotograficzny<\/strong> jest narz\u0119dziem w\u0142asnych poszukiwa\u0144 tw\u00f3rczych, jak i tych, dla kt\u00f3rych <strong>fotografia<\/strong> mo\u017ce sta\u0107 si\u0119 zawodem, b\u0105d\u017a uzupe\u0142nieniem wykszta\u0142cenia.<\/p>\n<p align=\"JUSTIFY\">Zaj\u0119cia odbywaj\u0105 si\u0119 w pi\u0105tki (17:00 &#8211; 20:00) i soboty (1 grupa: 9:00 &#8211; 12:00, 2 grupa: 12:15 &#8211; 15:15), w budynku PK przy ul. Kanoniczej 1 w Krakowie (sala 303). Najbli\u017cszy <strong>kurs<\/strong> rozpoczyna si\u0119 <strong>13 marca 2026<\/strong> i trwa do <strong>26 czerwca 2026<\/strong>. Za kwot\u0119 2200 z\u0142 <strong>kurs<\/strong> oferuje ponad 100 godzin zaj\u0119\u0107 i ko\u0144czy si\u0119 wsp\u00f3ln\u0105 <strong>wystaw\u0105 fotografii<\/strong> uczestnik\u00f3w oraz wr\u0119czeniem dyplomu uko\u0144czenia <strong>Studium Fotografii Politechniki Krakowskiej<\/strong>.<\/p>\n<p>\n<a href=\"https:\/\/www.pk.edu.pl\" target=\"_blank\" rel=\"noopener noreferrer\"><img decoding=\"async\" loading=\"lazy\" src=\"https:\/\/foto.pk.edu.pl\/wp-content\/uploads\/2012\/07\/pk.png\" alt=\"\" width=\"50\" height=\"50\" class=\"alignnone size-full wp-image-1083\" \/><\/a> <a href=\"https:\/\/www.arch.pk.edu.pl\" target=\"_blank\" rel=\"noopener noreferrer\"><img decoding=\"async\" loading=\"lazy\" src=\"https:\/\/foto.pk.edu.pl\/wp-content\/uploads\/2022\/02\/wa-logo-1.jpg\" alt=\"\" width=\"50\" height=\"50\" class=\"alignnone size-full wp-image-1233\" \/><\/a> <a href=\"https:\/\/a-1.pk.edu.pl\" target=\"_blank\" rel=\"noopener noreferrer\"><img decoding=\"async\" loading=\"lazy\" src=\"https:\/\/foto.pk.edu.pl\/wp-content\/uploads\/2022\/02\/logo-khaikz-1.png\" alt=\"\" width=\"50\" height=\"50\" class=\"alignnone size-full wp-image-1234\" \/><\/a> <a href=\"https:\/\/mufo.krakow.pl\" target=\"_blank\" rel=\"noopener noreferrer\"><img decoding=\"async\" loading=\"lazy\" src=\"https:\/\/foto.pk.edu.pl\/wp-content\/uploads\/2022\/02\/mufo.png\" alt=\"\" width=\"50\" height=\"50\" align=\"right\" class=\"alignnone size-full wp-image-1230\" \/> <a href=\"https:\/\/graficzne.pl\" target=\"_blank\" rel=\"noopener noreferrer\"><img decoding=\"async\" src=\"https:\/\/foto.pk.edu.pl\/wp-content\/uploads\/2024\/03\/graficzne-logo-s.jpg\" alt=\"\" width=\"200\" align=\"right\" class=\"alignnone size-full wp-image-2028\" \/><\/p>\n","protected":false},"excerpt":{"rendered":"<p>Otwarte Studium Fotografii to profesjonalny kurs fotografii, przeznaczony zar\u00f3wno dla\u00a0pocz\u0105tkuj\u0105cych\u00a0pasjonat\u00f3w, jak i dla fotograf\u00f3w &#8211; amator\u00f3w, chc\u0105cych udoskonali\u0107 swoje umiej\u0119tno\u015bci i pog\u0142\u0119bi\u0107 dotychczasow\u0105 wiedz\u0119. Formu\u0142a Studium jest otwarta, do udzia\u0142u w zaj\u0119ciach zapraszamy wszystkich. Wyk\u0142ady i zaj\u0119cia praktyczne trwaj\u0105 jeden semestr i odbywaj\u0105 si\u0119 pod opiek\u0105 uznanych wyk\u0142adowc\u00f3w Politechniki Krakowskiej, Akademii Sztuk Pi\u0119knych w Krakowie, &hellip; <a href=\"https:\/\/foto.pk.edu.pl\/\">Continue reading <span class=\"meta-nav\">&rarr;<\/span><\/a><\/p>\n","protected":false},"author":1,"featured_media":0,"parent":0,"menu_order":1,"comment_status":"closed","ping_status":"closed","template":"","meta":{"ngg_post_thumbnail":0,"footnotes":""},"_links":{"self":[{"href":"https:\/\/foto.pk.edu.pl\/index.php\/wp-json\/wp\/v2\/pages\/875"}],"collection":[{"href":"https:\/\/foto.pk.edu.pl\/index.php\/wp-json\/wp\/v2\/pages"}],"about":[{"href":"https:\/\/foto.pk.edu.pl\/index.php\/wp-json\/wp\/v2\/types\/page"}],"author":[{"embeddable":true,"href":"https:\/\/foto.pk.edu.pl\/index.php\/wp-json\/wp\/v2\/users\/1"}],"replies":[{"embeddable":true,"href":"https:\/\/foto.pk.edu.pl\/index.php\/wp-json\/wp\/v2\/comments?post=875"}],"version-history":[{"count":80,"href":"https:\/\/foto.pk.edu.pl\/index.php\/wp-json\/wp\/v2\/pages\/875\/revisions"}],"predecessor-version":[{"id":2095,"href":"https:\/\/foto.pk.edu.pl\/index.php\/wp-json\/wp\/v2\/pages\/875\/revisions\/2095"}],"wp:attachment":[{"href":"https:\/\/foto.pk.edu.pl\/index.php\/wp-json\/wp\/v2\/media?parent=875"}],"curies":[{"name":"wp","href":"https:\/\/api.w.org\/{rel}","templated":true}]}}