{"id":519,"date":"2013-03-02T18:46:48","date_gmt":"2013-03-02T17:46:48","guid":{"rendered":"http:\/\/foto.arch.pk.edu.pl\/?page_id=519"},"modified":"2017-04-18T09:30:19","modified_gmt":"2017-04-18T07:30:19","slug":"marek-gardulski","status":"publish","type":"page","link":"https:\/\/foto.pk.edu.pl\/index.php\/wykladowcy\/marek-gardulski\/","title":{"rendered":"Marek Gardulski"},"content":{"rendered":"<p>Urodzony w Krakowie, w 1952 roku. Od 1981 r. cz\u0142onek Zwi\u0105zku Polskich Artyst\u00f3w Fotografik\u00f3w. W latach 1984 &#8211; 1989 prezes Okr\u0119gu Krakowskiego ZPAF. Jego fotografie znajduj\u0105 si\u0119 mi\u0119dzy innymi w Bibliotheque Nationale &#8211; Paris (Francja), Centre Regional de la Photographie &#8211; Nord Pas-de-Calais (Francja), International Polaroid Collection &#8211; Cambridge Mass. (USA), Museum of Modern Art &#8211; New York NY. (USA), Muzeum Narodowe &#8211; Wroc\u0142aw, Muzeum Sztuki Wsp\u00f3\u0142czesnej &#8211; \u0141\u00f3d\u017a, Muzeum Historyczne m. Krakowa &#8211; Krak\u00f3w, Regionalne Muzeum Sztuki &#8211; Bia\u0142a Podlaska. Uczestnik wielu wystaw zespo\u0142owych i indywidualnych, w kraju i za granic\u0105.<\/p>\n","protected":false},"excerpt":{"rendered":"<p>Urodzony w Krakowie, w 1952 roku. Od 1981 r. cz\u0142onek Zwi\u0105zku Polskich Artyst\u00f3w Fotografik\u00f3w. W latach 1984 &#8211; 1989 prezes Okr\u0119gu Krakowskiego ZPAF. Jego fotografie znajduj\u0105 si\u0119 mi\u0119dzy innymi w Bibliotheque Nationale &#8211; Paris (Francja), Centre Regional de la Photographie &#8211; Nord Pas-de-Calais (Francja), International Polaroid Collection &#8211; Cambridge Mass. (USA), Museum of Modern Art &hellip; <a href=\"https:\/\/foto.pk.edu.pl\/index.php\/wykladowcy\/marek-gardulski\/\">Continue reading <span class=\"meta-nav\">&rarr;<\/span><\/a><\/p>\n","protected":false},"author":1,"featured_media":0,"parent":18,"menu_order":0,"comment_status":"closed","ping_status":"closed","template":"template-full-width.php","meta":{"ngg_post_thumbnail":0,"footnotes":""},"_links":{"self":[{"href":"https:\/\/foto.pk.edu.pl\/index.php\/wp-json\/wp\/v2\/pages\/519"}],"collection":[{"href":"https:\/\/foto.pk.edu.pl\/index.php\/wp-json\/wp\/v2\/pages"}],"about":[{"href":"https:\/\/foto.pk.edu.pl\/index.php\/wp-json\/wp\/v2\/types\/page"}],"author":[{"embeddable":true,"href":"https:\/\/foto.pk.edu.pl\/index.php\/wp-json\/wp\/v2\/users\/1"}],"replies":[{"embeddable":true,"href":"https:\/\/foto.pk.edu.pl\/index.php\/wp-json\/wp\/v2\/comments?post=519"}],"version-history":[{"count":1,"href":"https:\/\/foto.pk.edu.pl\/index.php\/wp-json\/wp\/v2\/pages\/519\/revisions"}],"predecessor-version":[{"id":923,"href":"https:\/\/foto.pk.edu.pl\/index.php\/wp-json\/wp\/v2\/pages\/519\/revisions\/923"}],"up":[{"embeddable":true,"href":"https:\/\/foto.pk.edu.pl\/index.php\/wp-json\/wp\/v2\/pages\/18"}],"wp:attachment":[{"href":"https:\/\/foto.pk.edu.pl\/index.php\/wp-json\/wp\/v2\/media?parent=519"}],"curies":[{"name":"wp","href":"https:\/\/api.w.org\/{rel}","templated":true}]}}