{"id":40,"date":"2012-07-22T19:52:03","date_gmt":"2012-07-22T17:52:03","guid":{"rendered":"http:\/\/riad.usk.pk.edu.pl\/~foto\/wordpress\/?page_id=40"},"modified":"2024-12-23T11:43:46","modified_gmt":"2024-12-23T10:43:46","slug":"linki","status":"publish","type":"page","link":"https:\/\/foto.pk.edu.pl\/index.php\/linki\/","title":{"rendered":"Linki"},"content":{"rendered":"<p><strong>Materia\u0142y do zaj\u0119\u0107, poradniki<\/strong><\/p>\n<ul class=\"strony\">\n<ul class=\"strony\">\n<li class=\"strony\"><a class=\"strony\" href=\"http:\/\/www.swiatobrazu.pl\/fotografia-od-a-do-z-lustrzanka-jednoobiektywowa-22534.html\" target=\"_blank\" rel=\"noopener noreferrer\"><strong>Lustrzanka jednoobiektywowa<\/strong><\/a><\/li>\n<li class=\"strony\"><a class=\"strony\" href=\"http:\/\/www.swiatobrazu.pl\/fotografia-od-a-do-z-aparat-cyfrowy-23330.html\" target=\"_blank\" rel=\"noopener noreferrer\"><strong>Aparat cyfrowy<\/strong><\/a><\/li>\n<li class=\"strony\"><a class=\"strony\" href=\"http:\/\/whatnext.pl\/pierwsze-kroki-aparatem-cz-1-ogolna-budowa-zasada-dzialania-aparatu-fotograficznego\/\" target=\"_blank\" rel=\"noopener noreferrer\"><strong>Budowa i zasada dzia\u0142ania aparatu fotograficznego<\/strong><\/a><\/li>\n<li class=\"strony\"><a class=\"strony\" href=\"https:\/\/fotoblogia.pl\/7327,trojkat-ekspozycji-jak-go-rozumiec-poradnik\" target=\"_blank\" rel=\"noopener noreferrer\"><strong>Tr\u00f3jk\u0105t ekspozycji<\/strong><\/a><\/li>\n<\/ul>\n<\/ul>\n<p><span style=\"color: #e98a2a;\">________________________________________________________________________________________________________________________<\/span><\/p>\n<ul class=\"strony\">\n<ul class=\"strony\">\n<li class=\"strony\"><a class=\"strony\" href=\"http:\/\/www.fotopolis.pl\/index.php?n=16089&amp;fotografia-tradycyjna-czyli-powrot-do-zrodel:\" target=\"_blank\" rel=\"noopener noreferrer\"><strong>Fotografia tradycyjna&#8230;<\/strong><\/a><\/li>\n<li class=\"strony\"><a class=\"strony\" href=\"http:\/\/www.szerokikadr.pl\/poradnik\/ciemnia-fotograficzna-czesc-1\" target=\"_blank\" rel=\"noopener noreferrer\"><strong>Ciemnia cz. 1<\/strong><\/a><\/li>\n<li class=\"strony\"><a class=\"strony\" href=\"http:\/\/www.szerokikadr.pl\/poradnik\/ciemnia-fotograficzna-czesc-2\" target=\"_blank\" rel=\"noopener noreferrer\"><strong>Ciemnia cz. 2<\/strong><\/a><\/li>\n<li class=\"strony\"><a class=\"strony\" href=\"http:\/\/www.szerokikadr.pl\/poradnik\/ciemnia-fotograficzna-czesc-3\" target=\"_blank\" rel=\"noopener noreferrer\"><strong>Ciemnia cz. 3<\/strong><\/a><\/li>\n<li class=\"strony\"><a class=\"strony\" href=\"http:\/\/pap.foto.com.pl\/vademecum-fotografii\/150-ciemnia-fotograficzna-cz-1\" target=\"_blank\" rel=\"noopener noreferrer\"><strong>Ciemnia czarno-bia\u0142a<\/strong><\/a><\/li>\n<\/ul>\n<\/ul>\n<p><span style=\"color: #e98a2a;\">________________________________________________________________________________________________________________________<\/span><\/p>\n<ul class=\"strony\">\n<ul class=\"strony\">\n<li class=\"strony\"><strong><a class=\"strony\" href=\"http:\/\/www.street-photographers.com\/\" target=\"_blank\" rel=\"noopener noreferrer\">Street photographers<\/a><\/strong><\/li>\n<li class=\"strony\"><strong><a class=\"strony\" href=\"http:\/\/digitalcamerapolska.pl\/warsztat\/86-odleglosc-hiperfokalna-w-praktyce-maksymalna-glebia-ostrosci\" target=\"_blank\" rel=\"noopener noreferrer\">Hiperfokalna<\/a><\/strong><\/li>\n<li class=\"strony\"><strong><a class=\"strony\" href=\"http:\/\/www.dofmaster.com\/dofjs.html\" target=\"_blank\" rel=\"noopener noreferrer\">Depth of Field Calculator<\/a><\/strong><\/li>\n<li class=\"strony\"><a class=\"strony\" href=\"http:\/\/dofsimulator.net\/pl\/\" target=\"_blank\" rel=\"noopener noreferrer\"><strong>Symulator g\u0142\u0119bi ostro\u015bci (i innych parametr\u00f3w)<\/strong><\/a><\/li>\n<li class=\"strony\"><strong><a class=\"strony\" href=\"https:\/\/www.youtube.com\/watch?v=DRTf_-ezAes\" target=\"_blank\" rel=\"noopener noreferrer\">Joel Meyerovitz talks about street photography<\/a><\/strong><\/li>\n<\/ul>\n<\/ul>\n<p><span style=\"color: #e98a2a;\">________________________________________________________________________________________________________________________<\/span><\/p>\n<ul class=\"strony\">\n<ul class=\"strony\">\n<li class=\"strony\"><strong><a class=\"strony\" href=\"http:\/\/www.fotopolis.pl\/index.php?n=1039&amp;p=0\" target=\"_blank\" rel=\"noopener noreferrer\">Portret fotograficzny<\/a><\/strong><\/li>\n<li class=\"strony\"><strong><a class=\"strony\" href=\"http:\/\/www.szerokikadr.pl\/poradnik\/fotografia-portretowa\" target=\"_blank\" rel=\"noopener noreferrer\">Fotografia portretowa<\/a><\/strong><\/li>\n<\/ul>\n<\/ul>\n<p><span style=\"color: #e98a2a;\">________________________________________________________________________________________________________________________<\/span><\/p>\n<ul class=\"strony\">\n<ul class=\"strony\">\n<li class=\"strony\"><strong><a class=\"strony\" href=\"http:\/\/digitalcamerapolska.pl\/warsztat\/489-10-przykazan-fotografa-krajobrazu\">10 przykaza\u0144 fotografa krajobrazu<\/a><\/strong><\/li>\n<\/ul>\n<\/ul>\n<p><span style=\"color: #e98a2a;\">________________________________________________________________________________________________________________________<\/span><\/p>\n<ul class=\"strony\">\n<ul class=\"strony\">\n<li class=\"strony\"><strong><a class=\"strony\" href=\"http:\/\/www.szerokikadr.pl\/poradnik\/kulinaria-z-lampa-wbudowana\" target=\"_blank\" rel=\"noopener noreferrer\">Fotografowanie \u017cywno\u015bci<\/a><\/strong><\/li>\n<\/ul>\n<\/ul>\n<p><span style=\"color: #e98a2a;\">________________________________________________________________________________________________________________________<\/span><\/p>\n<ul class=\"strony\">\n<li class=\"strony\"><strong><a class=\"strony\" href=\"http:\/\/www.adobe.com\/support\/downloads\/detail.jsp?ftpID=5855\" target=\"_blank\" rel=\"noopener noreferrer\">Adobe DNG Converter<\/a><\/strong><\/li>\n<li class=\"strony\"><strong><a class=\"strony\" href=\"https:\/\/www.szerokikadr.pl\/poradnik\/wstep-do-fotografii-cyfrowej-czesc-1\" target=\"_blank\" rel=\"noopener noreferrer\">Wst\u0119p do fotografii cyfrowej cz. 1<\/a><\/strong><\/li>\n<li class=\"strony\"><strong><a class=\"strony\" href=\"https:\/\/www.szerokikadr.pl\/poradnik\/wstep-do-fotografii-cyfrowej-czesc-2\" target=\"_blank\" rel=\"noopener noreferrer\">Wst\u0119p do fotografii cyfrowej cz. 2<\/a><\/strong><\/li>\n<li class=\"strony\"><strong><a class=\"strony\" href=\"https:\/\/www.szerokikadr.pl\/poradnik\/domowe-drukowanie-czesc-1-czyli-przygotowania\" target=\"_blank\" rel=\"noopener noreferrer\">Domowe drukowanie cz. 1<\/a><\/strong><\/li>\n<li class=\"strony\"><strong><a class=\"strony\" href=\"https:\/\/www.szerokikadr.pl\/poradnik\/domowe-drukowanie-czesc-2-czyli-stanowisko-pracy-i-obrobka\" target=\"_blank\" rel=\"noopener noreferrer\">Domowe drukowanie cz. 2<\/a><\/strong><\/li>\n<\/ul>\n<p><strong>Czasopisma, portale o fotografii<\/strong><\/p>\n<ul class=\"strony\">\n<li class=\"strony\"><a class=\"strony\" href=\"https:\/\/www.szerokikadr.pl\/\" target=\"_blank\" rel=\"noopener noreferrer\">Szeroki kadr<\/a><\/li>\n<li class=\"strony\"><a class=\"strony\" href=\"http:\/\/docphotomagazine.com\/\" target=\"_blank\" rel=\"noopener noreferrer\">doc!<\/a><\/li>\n<li class=\"strony\"><a class=\"strony\" href=\"http:\/\/pokochajfotografie.pl\/\" target=\"_blank\" rel=\"noopener noreferrer\">Pokochaj fotografi\u0119<\/a><\/li>\n<li class=\"strony\"><a class=\"strony\" href=\"http:\/\/www.5shotsmagazine.com\/\" target=\"_blank\" rel=\"noopener noreferrer\">5 klatek<\/a><\/li>\n<li class=\"strony\"><a class=\"strony\" href=\"https:\/\/www.facebook.com\/focusartphotomagazine\" target=\"_blank\" rel=\"noopener noreferrer\">Focus Magazine<\/a><\/li>\n<li class=\"strony\"><a class=\"strony\" href=\"http:\/\/www.fotoindex.org\/\" target=\"_blank\" rel=\"noopener noreferrer\">FotoIndex<\/a><\/li>\n<li class=\"strony\"><a class=\"strony\" href=\"http:\/\/fotografia.net.pl\/\" target=\"_blank\" rel=\"noopener noreferrer\">Kwartalnik Fotografia<\/a><\/li>\n<li class=\"strony\"><a class=\"strony\" href=\"http:\/\/foto.com.pl\/\" target=\"_blank\" rel=\"noopener noreferrer\">FOTO &#8211; miesi\u0119cznik fotograficzny<\/a><\/li>\n<li class=\"strony\"><a class=\"strony\" href=\"http:\/\/www.swiatobrazu.pl\/\" target=\"_blank\" rel=\"noopener noreferrer\">\u015awiat Obrazu<\/a><\/li>\n<li class=\"strony\"><a class=\"strony\" href=\"http:\/\/www.dfv.pl\/home.html\" target=\"_blank\" rel=\"noopener noreferrer\">Digital Foto Video<\/a><\/li>\n<li class=\"strony\"><a class=\"strony\" href=\"http:\/\/www.fotopolis.pl\/\" target=\"_blank\" rel=\"noopener noreferrer\">fotopolis<\/a><\/li>\n<li class=\"strony\"><a class=\"strony\" href=\"http:\/\/digitalcamerapolska.pl\/\" target=\"_blank\" rel=\"noopener noreferrer\">Digital Camera Polska<\/a><\/li>\n<li class=\"strony\"><a class=\"strony\" href=\"http:\/\/www.foto-kurier.pl\/\" target=\"_blank\" rel=\"noopener noreferrer\">Foto-Kurier<\/a><\/li>\n<li class=\"strony\"><a class=\"strony\" href=\"http:\/\/www.cyfrografia.pl\/\" target=\"_blank\" rel=\"noopener noreferrer\">Cyfrografia<\/a><\/li>\n<\/ul>\n<p><strong>Kolekcje fotografii, muzea, agencje<\/strong><\/p>\n<ul class=\"strony\">\n<li class=\"strony\"><a class=\"strony\" href=\"http:\/\/www.eastmanhouse.org\/\" target=\"_blank\" rel=\"noopener noreferrer\">George Eastman House<\/a><\/li>\n<li class=\"strony\"><a class=\"strony\" href=\"http:\/\/www.masters-of-photography.com\/\" target=\"_blank\" rel=\"noopener noreferrer\">Masters of Photography<\/a><\/li>\n<li class=\"strony\"><a class=\"strony\" href=\"http:\/\/www.loc.gov\/\" target=\"_blank\" rel=\"noopener noreferrer\">The Library of Congress<\/a><\/li>\n<li class=\"strony\"><a class=\"strony\" href=\"http:\/\/expositions.bnf.fr\/\" target=\"_blank\" rel=\"noopener noreferrer\">Bibliotheque nationale de France<\/a><\/li>\n<li class=\"strony\"><a class=\"strony\" href=\"http:\/\/www.moma.org\/\" target=\"_blank\" rel=\"noopener noreferrer\">MoMA &#8211; The Museum of Modern Art<\/a><\/li>\n<li class=\"strony\"><a class=\"strony\" href=\"http:\/\/www.photography-museum.com\" target=\"_blank\" rel=\"noopener noreferrer\">American Museum of Photography<\/a><\/li>\n<li class=\"strony\"><a class=\"strony\" href=\"http:\/\/www.magnumphotos.com\/\" target=\"_blank\" rel=\"noopener noreferrer\">Magnum Photos<\/a><\/li>\n<li class=\"strony\"><a class=\"strony\" href=\"http:\/\/www.worldpressphoto.nl\/\" target=\"_blank\" rel=\"noopener noreferrer\">World Press Photo<\/a><\/li>\n<li class=\"strony\"><a class=\"strony\" href=\"http:\/\/www.nationalgeographic.com\/\" target=\"_blank\" rel=\"noopener noreferrer\">National Geographic<\/a><\/li>\n<li class=\"strony\"><a class=\"strony\" href=\"http:\/\/expositions.bnf.fr\/afp\/\" target=\"_blank\" rel=\"noopener noreferrer\">Agence France Presse<\/a><\/li>\n<li class=\"strony\"><a class=\"strony\" href=\"http:\/\/pro.corbis.com\/\" target=\"_blank\" rel=\"noopener noreferrer\">Corbis<\/a><\/li>\n<li class=\"strony\"><a class=\"strony\" href=\"http:\/\/www.si.edu\/\" target=\"_blank\" rel=\"noopener noreferrer\">Smithsonian Institute<\/a><\/li>\n<li class=\"strony\"><a class=\"strony\" href=\"http:\/\/www.museenkoeln.de\/\" target=\"_blank\" rel=\"noopener noreferrer\">Museen in Koln<\/a><\/li>\n<li class=\"strony\"><a class=\"strony\" href=\"http:\/\/www.getty.edu\/\" target=\"_blank\" rel=\"noopener noreferrer\">The Getty<\/a><\/li>\n<li class=\"strony\"><a class=\"strony\" href=\"http:\/\/www.mhf.krakow.pl\/\" target=\"_blank\" rel=\"noopener noreferrer\">Muzeum Historii Fotografii w Krakowie<\/a><\/li>\n<li class=\"strony\"><a class=\"strony\" href=\"http:\/\/www.umt.edu\/partv\/famus\/photo.htm\" target=\"_blank\" rel=\"noopener noreferrer\">The University of Montana Museum of Fine Arts<\/a><\/li>\n<li class=\"strony\"><a class=\"strony\" href=\"http:\/\/www.rps.org\/\" target=\"_blank\" rel=\"noopener noreferrer\">The Royal Photographic Society<\/a><\/li>\n<li class=\"strony\"><a class=\"strony\" href=\"http:\/\/art.transindex.ro\/\" target=\"_blank\" rel=\"noopener noreferrer\">art.transindex.ro<\/a><\/li>\n<li class=\"strony\"><a class=\"strony\" href=\"http:\/\/www.camerawork.de\/\" target=\"_blank\" rel=\"noopener noreferrer\">Camerawork<\/a><\/li>\n<li class=\"strony\"><a class=\"strony\" href=\"http:\/\/www.temple.edu\/photo\/photographers\/index.html\" target=\"_blank\" rel=\"noopener noreferrer\">Photography Temple<\/a><\/li>\n<li class=\"strony\"><a class=\"strony\" href=\"http:\/\/www.daguerre.org\/\" target=\"_blank\" rel=\"noopener noreferrer\">The Daguerreian Society<\/a><\/li>\n<li class=\"strony\"><a class=\"strony\" href=\"http:\/\/cprr.org\/\" target=\"_blank\" rel=\"noopener noreferrer\">Central Pacific Railroad Photographic History Museum<\/a><\/li>\n<li class=\"strony\"><a class=\"strony\" href=\"http:\/\/fototapeta.art.pl\/\" target=\"_blank\" rel=\"noopener noreferrer\">Fototapeta<\/a><\/li>\n<\/ul>\n<p><strong>Filmy o fotografii<\/strong><\/p>\n<ul class=\"komercyjne\">\n<li class=\"strony\"><a class=\"strony\" href=\"http:\/\/resourcemagonline.com\/2014\/07\/40-movies-about-photography\/39702\/\" target=\"_blank\" rel=\"noopener noreferrer\">40 movies about photography<\/a><\/li>\n<li class=\"strony\"><a class=\"strony\" href=\"http:\/\/resourcemagonline.com\/2015\/12\/20-more-movies-about-photography-that-every-photographer-should-watch\/61090\/\" target=\"_blank\" rel=\"noopener noreferrer\">20 more movies about photography<\/a><\/li>\n<\/ul>\n<p><strong>Galerie Komercyjne<\/strong><\/p>\n<ul class=\"komercyjne\">\n<li class=\"strony\"><a class=\"strony\" href=\"http:\/\/leica-camera.pl\/kultura\/leica-gallery-warszawa\/\" target=\"_blank\" rel=\"noopener noreferrer\">Leica Gallery Warszawa<\/a><\/li>\n<li class=\"komercyjne\"><a class=\"komercyjne\" href=\"http:\/\/www.agallery.com\/\" target=\"_blank\" rel=\"noopener noreferrer\">A Gallery for Fine Photography (Nowy Orlean)<\/a><\/li>\n<li class=\"komercyjne\"><a class=\"komercyjne\" href=\"http:\/\/www.peterfetterman.com\/\" target=\"_blank\" rel=\"noopener noreferrer\">Peter Fetterman Gallery (Santa Monica)<\/a><\/li>\n<li class=\"komercyjne\"><a class=\"komercyjne\" href=\"http:\/\/www.afterimagegallery.com\/\" target=\"_blank\" rel=\"noopener noreferrer\">Afterimage Gallery (Dallas)<\/a><\/li>\n<li class=\"komercyjne\"><a class=\"komercyjne\" href=\"http:\/\/www.19cphoto.com\/\" target=\"_blank\" rel=\"noopener noreferrer\">Antiq-photo\/Rainbow Creations (USA)<\/a><\/li>\n<li class=\"komercyjne\"><a class=\"komercyjne\" href=\"http:\/\/www.andrewsmithgallery.com\/\" target=\"_blank\" rel=\"noopener noreferrer\">Andrew Smith Gallery(San Francisco)<\/a><\/li>\n<li class=\"komercyjne\"><a class=\"komercyjne\" href=\"http:\/\/www.artseal.citysearch.com\/\" target=\"_blank\" rel=\"noopener noreferrer\">Artseal Gallery (San Francisco)<\/a><\/li>\n<li class=\"komercyjne\"><a class=\"komercyjne\" href=\"http:\/\/www.singergallery.com\/\" target=\"_blank\" rel=\"noopener noreferrer\">Barry Singer Gallery (Petaluma)<\/a><\/li>\n<li class=\"komercyjne\"><a class=\"komercyjne\" href=\"http:\/\/www.brucesilverstein.com\/\" target=\"_blank\" rel=\"noopener noreferrer\">Bruce Silverstein Gallery (Nowy Jork)<\/a><\/li>\n<li class=\"komercyjne\"><a class=\"komercyjne\" href=\"http:\/\/www.edelmangallery.com\/\" target=\"_blank\" rel=\"noopener noreferrer\">Catherine Edelman Gallery (Chicago)<\/a><\/li>\n<li class=\"komercyjne\"><a class=\"komercyjne\" href=\"http:\/\/www.edwardcurtis.com\/\" target=\"_blank\" rel=\"noopener noreferrer\">Christopher Cardozo Fine Art (Minneapolis)<\/a><\/li>\n<li class=\"komercyjne\"><a class=\"komercyjne\" href=\"http:\/\/www.faheykleingallery.com\/\" target=\"_blank\" rel=\"noopener noreferrer\">Fahey\/Klein Gallery (Los Angeles)<\/a><\/li>\n<li class=\"komercyjne\"><a class=\"komercyjne\" href=\"http:\/\/www.fraenkelgallery.com\/\" target=\"_blank\" rel=\"noopener noreferrer\">Fraenkel Gallery (San Francisco)<\/a><\/li>\n<li class=\"komercyjne\"><a class=\"komercyjne\" href=\"http:\/\/www.ggibsongallery.com\/\" target=\"_blank\" rel=\"noopener noreferrer\">G. Gibson Gallery (Waszyngton)<\/a><\/li>\n<li class=\"komercyjne\"><a class=\"komercyjne\" href=\"http:\/\/www.baudoin-lebon.com\/\" target=\"_blank\" rel=\"noopener noreferrer\">Galerie Baudoin Lebon (Pary\u017c)<\/a><\/li>\n<li class=\"komercyjne\"><a class=\"komercyjne\" href=\"http:\/\/www.schicklerart.com\/\" target=\"_blank\" rel=\"noopener noreferrer\">Howard Schickler Fine Art (Nowy Jork)<\/a><\/li>\n<li class=\"komercyjne\"><a class=\"komercyjne\" href=\"http:\/\/www.anseladams.com\/\" target=\"_blank\" rel=\"noopener noreferrer\">Ansel Adams Gallery (Yosemite)<\/a><\/li>\n<li class=\"komercyjne\"><a class=\"komercyjne\" href=\"http:\/\/www.josephbellows.com\/\" target=\"_blank\" rel=\"noopener noreferrer\">Joseph Bellows Gallery (La Jolla,USA)<\/a><\/li>\n<li class=\"komercyjne\"><a class=\"komercyjne\" href=\"http:\/\/www.laurencemillergallery.com\/\" target=\"_blank\" rel=\"noopener noreferrer\">Laurence Miller Gallery (Nowy Jork)<\/a><\/li>\n<li class=\"komercyjne\"><a class=\"komercyjne\" href=\"http:\/\/www.masters-of-fine-art-photography.com\/\" target=\"_blank\" rel=\"noopener noreferrer\">Fine Art Photography (Gallery&amp;Forum)<\/a><\/li>\n<li class=\"komercyjne\"><a class=\"komercyjne\" href=\"http:\/\/www.morehousegallery.com\/\" target=\"_blank\" rel=\"noopener noreferrer\">Morehouse Gallery (Nowy Jork)<\/a><\/li>\n<li class=\"komercyjne\"><a class=\"komercyjne\" href=\"http:\/\/www.rosegallery.net\/\" target=\"_blank\" rel=\"noopener noreferrer\">Rose Gallery (Santa Monica)<\/a><\/li>\n<li class=\"komercyjne\"><a class=\"komercyjne\" href=\"http:\/\/www.photographydealers.com\/\" target=\"_blank\" rel=\"noopener noreferrer\">Scheinbaum and Russek LTD (Galeria Sieciowa)<\/a><\/li>\n<li class=\"komercyjne\"><a class=\"komercyjne\" href=\"http:\/\/www.halstedgallery.com\/\" target=\"_blank\" rel=\"noopener noreferrer\">The Halsted Gallery (Birmingham,Michigan)<\/a><\/li>\n<li class=\"komercyjne\"><a class=\"komercyjne\" href=\"http:\/\/www.tonpeek.com\/\" target=\"_blank\" rel=\"noopener noreferrer\">Ton Peek (Utrecht, Holandia)<\/a><\/li>\n<li class=\"komercyjne\"><a class=\"komercyjne\" href=\"http:\/\/www.leegallery.com\/\" target=\"_blank\" rel=\"noopener noreferrer\">Lee Gallery (Winchester,USA)<\/a><\/li>\n<li class=\"komercyjne\"><a class=\"komercyjne\" href=\"http:\/\/www.vintageworks.net\/\" target=\"_blank\" rel=\"noopener noreferrer\">Vintage Works, LTD. (Chalfont,USA)<\/a><\/li>\n<li class=\"komercyjne\"><a class=\"komercyjne\" href=\"http:\/\/www.staleywise.com\/\" target=\"_blank\" rel=\"noopener noreferrer\">Staley-Wise Gallery (Nowy Jork)<\/a><\/li>\n<li class=\"komercyjne\"><a class=\"komercyjne\" href=\"http:\/\/www.photocollect.com\/\" target=\"_blank\" rel=\"noopener noreferrer\">Alan Klotz Gallery (Nowy Jork)<\/a><\/li>\n<li class=\"komercyjne\"><a class=\"komercyjne\" href=\"http:\/\/www.westongallery.com\/\" target=\"_blank\" rel=\"noopener noreferrer\">The Weston Gallery (Carmel, California)<\/a><\/li>\n<li class=\"komercyjne\"><a class=\"komercyjne\" href=\"http:\/\/www.yanceyrichardson.com\/\" target=\"_blank\" rel=\"noopener noreferrer\">Yancey Richardson Gallery (Nowy Jork)<\/a><\/li>\n<li class=\"komercyjne\"><a class=\"komercyjne\" href=\"http:\/\/www.andrewsmithgallery.com\/\" target=\"_blank\" rel=\"noopener noreferrer\">Andrew Smith Gallery (San Francisco)<\/a><\/li>\n<li class=\"komercyjne\"><a class=\"komercyjne\" href=\"http:\/\/www.robertkleingallery.com\/\" target=\"_blank\" rel=\"noopener noreferrer\">Robert Klein Gallery (Boston)<\/a><\/li>\n<li class=\"komercyjne\"><a class=\"komercyjne\" href=\"http:\/\/www.thecollectedimage.com\/\" target=\"_blank\" rel=\"noopener noreferrer\">The Collected Image (Evanston,USA)<\/a><\/li>\n<\/ul>\n","protected":false},"excerpt":{"rendered":"<p>Materia\u0142y do zaj\u0119\u0107, poradniki Lustrzanka jednoobiektywowa Aparat cyfrowy Budowa i zasada dzia\u0142ania aparatu fotograficznego Tr\u00f3jk\u0105t ekspozycji ________________________________________________________________________________________________________________________ Fotografia tradycyjna&#8230; Ciemnia cz. 1 Ciemnia cz. 2 Ciemnia cz. 3 Ciemnia czarno-bia\u0142a ________________________________________________________________________________________________________________________ Street photographers Hiperfokalna Depth of Field Calculator Symulator g\u0142\u0119bi ostro\u015bci (i innych parametr\u00f3w) Joel Meyerovitz talks about street photography ________________________________________________________________________________________________________________________ Portret fotograficzny Fotografia portretowa &hellip; <a href=\"https:\/\/foto.pk.edu.pl\/index.php\/linki\/\">Continue reading <span class=\"meta-nav\">&rarr;<\/span><\/a><\/p>\n","protected":false},"author":1,"featured_media":0,"parent":0,"menu_order":6,"comment_status":"closed","ping_status":"closed","template":"template-full-width.php","meta":{"ngg_post_thumbnail":0,"footnotes":""},"_links":{"self":[{"href":"https:\/\/foto.pk.edu.pl\/index.php\/wp-json\/wp\/v2\/pages\/40"}],"collection":[{"href":"https:\/\/foto.pk.edu.pl\/index.php\/wp-json\/wp\/v2\/pages"}],"about":[{"href":"https:\/\/foto.pk.edu.pl\/index.php\/wp-json\/wp\/v2\/types\/page"}],"author":[{"embeddable":true,"href":"https:\/\/foto.pk.edu.pl\/index.php\/wp-json\/wp\/v2\/users\/1"}],"replies":[{"embeddable":true,"href":"https:\/\/foto.pk.edu.pl\/index.php\/wp-json\/wp\/v2\/comments?post=40"}],"version-history":[{"count":8,"href":"https:\/\/foto.pk.edu.pl\/index.php\/wp-json\/wp\/v2\/pages\/40\/revisions"}],"predecessor-version":[{"id":2060,"href":"https:\/\/foto.pk.edu.pl\/index.php\/wp-json\/wp\/v2\/pages\/40\/revisions\/2060"}],"wp:attachment":[{"href":"https:\/\/foto.pk.edu.pl\/index.php\/wp-json\/wp\/v2\/media?parent=40"}],"curies":[{"name":"wp","href":"https:\/\/api.w.org\/{rel}","templated":true}]}}