{"id":348,"date":"2012-09-13T13:15:54","date_gmt":"2012-09-13T11:15:54","guid":{"rendered":"http:\/\/foto.arch.pk.edu.pl\/?page_id=348"},"modified":"2018-10-29T20:11:11","modified_gmt":"2018-10-29T19:11:11","slug":"karolina-harazim","status":"publish","type":"page","link":"https:\/\/foto.pk.edu.pl\/index.php\/wykladowcy\/karolina-harazim\/","title":{"rendered":"Karolina Harazim-Mazur"},"content":{"rendered":"<p>Narz\u0119dziami jej pracy s\u0105 s\u0142owa i czas. Doradza, czuwa i ratuje z opresji. Wsp\u00f3\u0142pracuje z artystami i artystkami oraz instytucjami i organizacjami, doradzaj\u0105c i koordynuj\u0105c realizacj\u0119 oraz dzia\u0142ania promocyjne przedsi\u0119wzi\u0119\u0107 artystycznych. Aktywnie dzia\u0142a w obszarze animacji kultury i wydarze\u0144 artystycznych, g\u0142\u00f3wnie zwi\u0105zanych z fotografi\u0105.<\/p>\n<p>Absolwentka Dziennikarstwa i Komunikacji Spo\u0142ecznej Wydzia\u0142u Zarz\u0105dzania i Komunikacji Spo\u0142ecznej Uniwersytetu Jagiello\u0144skiego, Podyplomowych Studi\u00f3w Zarz\u0105dzania Kultur\u0105 UJ, podyplomowych Muzealniczych Studi\u00f3w Kuratorskich w zakresie prezentacji sztuki wsp\u00f3\u0142czesnej UJ oraz podyplomowych studi\u00f3w Polityki Wydawniczej i Ksi\u0119garstwa Uniwersytetu Warszawskiego.<\/p>\n<p>Doradza oraz koordynuje dzia\u0142ania i realizacj\u0119 proces\u00f3w promocyjnych przedsi\u0119wzi\u0119\u0107 kulturalnych, wsp\u00f3\u0142pracuje z artystami i instytucjami. Posiada rozleg\u0142e do\u015bwiadczenie w pozyskiwaniu \u015brodk\u00f3w ze \u017ar\u00f3de\u0142 publicznych i prywatnych. W latach 2007\u20132010 Prezeska Zarz\u0105du Fundacji na Rzecz Rozwoju i Promocji Sztuki Wsp\u00f3\u0142czesnej Pauza. Od 2010 we wsp\u00f3\u0142pracy z krakowskimi uczelniami wy\u017cszymi realizuje autorski program wyk\u0142ad\u00f3w akademickich i warsztat\u00f3w dotycz\u0105cych marketingu w dzia\u0142alno\u015bci artystycznej (\u201cMarketing i elementy wiedzy prawnej w dzia\u0142alno\u015bci artystycznej\u201d na Wydziale Sztuki Uniwersytetu Pedagogicznego w Krakowie w latach 2010 i 2011 roku; od kwietnia 2012 do marca 2013 doradca ds. marketingu sztuki Biura Karier ASP w Krakowie; od pa\u017adziernika 2012 \u201ePrzygotowanie projektu fotograficznego \u2013 wyb\u00f3r tematu, realizacja projektu, pozyskiwanie sponsor\u00f3w. Skuteczny artysta \u2013 instrukcja obs\u0142ugi\u201d w Studium Fotografii Politechniki Krakowskiej). Od 2011 do 2013 roku koordynatorka projektu Goethe-Guerilla we wsp\u00f3\u0142pracy z Instytutem Goethego w Krakowie. Koordynatorka promocji i PR Miesi\u0105ca Fotografii w Krakowie podczas 10., 11. oraz 12. edycji festiwalu. Koordynatorka kontakt\u00f3w z mediami 38. edycji festiwalu Krakowskie Reminiscencje Teatralne. Od 2013 roku do przej\u015bcia na urlop wychowawczy w 2015 roku rzeczniczka prasowa Galerii Sztuki Wsp\u00f3\u0142czesnej Bunkier Sztuki w Krakowie. W 2017 roku, wraz z Ew\u0105 Pasternak\u2013Kaper\u0105 i Ani\u0105 Chromik, za\u0142o\u017cy\u0142a promuj\u0105c\u0105 feminizm i sztuk\u0119 feministyczn\u0105 Fundacj\u0119 TA, kt\u00f3rej jest wiceprezesk\u0105. Od pa\u017adziernika 2018 Prezeska produkuj\u0105cej wystawy fotograficzne od pomys\u0142u do realizacji Fundacji Lablab. <\/p>\n<p>\u201eW cywilu\u201d prowadzi fotograficzne \u201eDzienniki spacerowe\u201d, w kt\u00f3rych rejestruje ciekawe, zabawne, intryguj\u0105ce fragmenty otaczaj\u0105cej rzeczywisto\u015bci napotkane podczas spacer\u00f3w z Synem.<\/p>\n","protected":false},"excerpt":{"rendered":"<p>Narz\u0119dziami jej pracy s\u0105 s\u0142owa i czas. Doradza, czuwa i ratuje z opresji. Wsp\u00f3\u0142pracuje z artystami i artystkami oraz instytucjami i organizacjami, doradzaj\u0105c i koordynuj\u0105c realizacj\u0119 oraz dzia\u0142ania promocyjne przedsi\u0119wzi\u0119\u0107 artystycznych. Aktywnie dzia\u0142a w obszarze animacji kultury i wydarze\u0144 artystycznych, g\u0142\u00f3wnie zwi\u0105zanych z fotografi\u0105. Absolwentka Dziennikarstwa i Komunikacji Spo\u0142ecznej Wydzia\u0142u Zarz\u0105dzania i Komunikacji Spo\u0142ecznej Uniwersytetu &hellip; <a href=\"https:\/\/foto.pk.edu.pl\/index.php\/wykladowcy\/karolina-harazim\/\">Continue reading <span class=\"meta-nav\">&rarr;<\/span><\/a><\/p>\n","protected":false},"author":1,"featured_media":0,"parent":18,"menu_order":0,"comment_status":"closed","ping_status":"closed","template":"template-full-width.php","meta":{"ngg_post_thumbnail":0,"footnotes":""},"_links":{"self":[{"href":"https:\/\/foto.pk.edu.pl\/index.php\/wp-json\/wp\/v2\/pages\/348"}],"collection":[{"href":"https:\/\/foto.pk.edu.pl\/index.php\/wp-json\/wp\/v2\/pages"}],"about":[{"href":"https:\/\/foto.pk.edu.pl\/index.php\/wp-json\/wp\/v2\/types\/page"}],"author":[{"embeddable":true,"href":"https:\/\/foto.pk.edu.pl\/index.php\/wp-json\/wp\/v2\/users\/1"}],"replies":[{"embeddable":true,"href":"https:\/\/foto.pk.edu.pl\/index.php\/wp-json\/wp\/v2\/comments?post=348"}],"version-history":[{"count":4,"href":"https:\/\/foto.pk.edu.pl\/index.php\/wp-json\/wp\/v2\/pages\/348\/revisions"}],"predecessor-version":[{"id":1048,"href":"https:\/\/foto.pk.edu.pl\/index.php\/wp-json\/wp\/v2\/pages\/348\/revisions\/1048"}],"up":[{"embeddable":true,"href":"https:\/\/foto.pk.edu.pl\/index.php\/wp-json\/wp\/v2\/pages\/18"}],"wp:attachment":[{"href":"https:\/\/foto.pk.edu.pl\/index.php\/wp-json\/wp\/v2\/media?parent=348"}],"curies":[{"name":"wp","href":"https:\/\/api.w.org\/{rel}","templated":true}]}}