{"id":331,"date":"2012-09-04T10:11:42","date_gmt":"2012-09-04T08:11:42","guid":{"rendered":"http:\/\/foto.arch.pk.edu.pl\/?page_id=331"},"modified":"2017-04-18T09:30:11","modified_gmt":"2017-04-18T07:30:11","slug":"maciej-motak","status":"publish","type":"page","link":"https:\/\/foto.pk.edu.pl\/index.php\/wykladowcy\/maciej-motak\/","title":{"rendered":"Maciej Motak"},"content":{"rendered":"<p>Absolwent Wydzia\u0142u Architektury Politechniki Krakowskiej. Profesor, nauczyciel akademicki w Instytucie Historii Architektury i Konserwacji Zabytk\u00f3w WAPK, od 1990 roku; prowadzi tak\u017ce zaj\u0119cia z fotografii. Jest autorem trzech ksi\u0105\u017cek oraz kilkudziesi\u0119ciu artyku\u0142\u00f3w naukowych i popularnonaukowych, dotycz\u0105cych historycznej i wsp\u00f3\u0142czesnej architektury i urbanistyki. Jest r\u00f3wnie\u017c autorem oko\u0142o trzydziestu zrealizowanych projekt\u00f3w architektonicznych i wsp\u00f3\u0142autorem kilkunastu zespo\u0142owych projekt\u00f3w konkursowych. Zajmuje si\u0119 dokumentacj\u0105 fotograficzn\u0105 dzie\u0142 architektury \u2013 m.in. rewaloryzacji Teatru im. S\u0142owackiego w Krakowie oraz wielu budynk\u00f3w zg\u0142oszonych do milenijnej edycji konkursu \u201e\u017bycie w Architekturze\u201d. Ponadto, zajmuje si\u0119 t\u0142umaczeniami publikacji z dziedziny architektury.<\/p>\n","protected":false},"excerpt":{"rendered":"<p>Absolwent Wydzia\u0142u Architektury Politechniki Krakowskiej. Profesor, nauczyciel akademicki w Instytucie Historii Architektury i Konserwacji Zabytk\u00f3w WAPK, od 1990 roku; prowadzi tak\u017ce zaj\u0119cia z fotografii. Jest autorem trzech ksi\u0105\u017cek oraz kilkudziesi\u0119ciu artyku\u0142\u00f3w naukowych i popularnonaukowych, dotycz\u0105cych historycznej i wsp\u00f3\u0142czesnej architektury i urbanistyki. Jest r\u00f3wnie\u017c autorem oko\u0142o trzydziestu zrealizowanych projekt\u00f3w architektonicznych i wsp\u00f3\u0142autorem kilkunastu zespo\u0142owych projekt\u00f3w konkursowych. &hellip; <a href=\"https:\/\/foto.pk.edu.pl\/index.php\/wykladowcy\/maciej-motak\/\">Continue reading <span class=\"meta-nav\">&rarr;<\/span><\/a><\/p>\n","protected":false},"author":1,"featured_media":0,"parent":18,"menu_order":0,"comment_status":"closed","ping_status":"closed","template":"template-full-width.php","meta":{"ngg_post_thumbnail":0,"footnotes":""},"_links":{"self":[{"href":"https:\/\/foto.pk.edu.pl\/index.php\/wp-json\/wp\/v2\/pages\/331"}],"collection":[{"href":"https:\/\/foto.pk.edu.pl\/index.php\/wp-json\/wp\/v2\/pages"}],"about":[{"href":"https:\/\/foto.pk.edu.pl\/index.php\/wp-json\/wp\/v2\/types\/page"}],"author":[{"embeddable":true,"href":"https:\/\/foto.pk.edu.pl\/index.php\/wp-json\/wp\/v2\/users\/1"}],"replies":[{"embeddable":true,"href":"https:\/\/foto.pk.edu.pl\/index.php\/wp-json\/wp\/v2\/comments?post=331"}],"version-history":[{"count":1,"href":"https:\/\/foto.pk.edu.pl\/index.php\/wp-json\/wp\/v2\/pages\/331\/revisions"}],"predecessor-version":[{"id":922,"href":"https:\/\/foto.pk.edu.pl\/index.php\/wp-json\/wp\/v2\/pages\/331\/revisions\/922"}],"up":[{"embeddable":true,"href":"https:\/\/foto.pk.edu.pl\/index.php\/wp-json\/wp\/v2\/pages\/18"}],"wp:attachment":[{"href":"https:\/\/foto.pk.edu.pl\/index.php\/wp-json\/wp\/v2\/media?parent=331"}],"curies":[{"name":"wp","href":"https:\/\/api.w.org\/{rel}","templated":true}]}}