{"id":306,"date":"2012-09-02T11:28:35","date_gmt":"2012-09-02T09:28:35","guid":{"rendered":"http:\/\/foto.arch.pk.edu.pl\/?page_id=306"},"modified":"2017-04-18T09:29:47","modified_gmt":"2017-04-18T07:29:47","slug":"andrzej-pilichowski-ragno","status":"publish","type":"page","link":"https:\/\/foto.pk.edu.pl\/index.php\/wykladowcy\/andrzej-pilichowski-ragno\/","title":{"rendered":"Andrzej Pilichowski-Ragno"},"content":{"rendered":"<p>Artysta fotografik, ilustrator.<br \/>\nW 1996 otrzyma\u0142 Stypendium Tw\u00f3rcze Miasta Krakowa w dziedzinie fotografii.<br \/>\nCz\u0142onek Zwi\u0105zku Polskich Artyst\u00f3w Fotografik\u00f3w.<br \/>\nAbsolwent Filologii Polskiej Uniwersytetu Jagiello\u0144skiego, w latach 1992 &#8211; 97 asystent  w Katedrze Teorii Literatury UJ, wyk\u0142adowca fotografii artystycznej i reklamowej w Studium Aran\u017cacji Wn\u0119trz w Krakowie, ilustrator ksi\u0105\u017cek dla dzieci. Bra\u0142 udzia\u0142 w kilkudziesi\u0119ciu wystawach zbiorowych w Polsce i zagranic\u0105. Autor kilkunastu wystaw indywidualnych, laureat nagr\u00f3d w dziedzinie ilustracji, w tym pierwszej nagrody w konkursie polskiej sekcji IBBY \u201eKsi\u0105\u017cka Roku\u201d.<br \/>\nPublikowa\u0142 mi\u0119dzy innymi w czasopismach: \u201eTygodnik Powszechny&#8221;, \u201eKonteksty&#8221;, \u201eKrak\u00f3w&#8221;, \u201eRes  Publica Nowa&#8221;, \u201eFilm&#8221;, \u201eCinema&#8221;, \u201eCharaktery&#8221;, \u201ePlayboy&#8221;, \u201eElle Deco\u201d, \u201eZoom International\u201d, \u201ePrzekr\u00f3j\u201d, \u201eArtphoto\u201d, \u201ePozytyw\u201d, \u201eNick Magazine\u201d, \u201e\u015awierszczyk\u201d. <a href=\"http:\/\/www.pilichowskiragno.pl\" target=_blank>wi\u0119cej&#8230;<\/a><\/p>\n","protected":false},"excerpt":{"rendered":"<p>Artysta fotografik, ilustrator. W 1996 otrzyma\u0142 Stypendium Tw\u00f3rcze Miasta Krakowa w dziedzinie fotografii. Cz\u0142onek Zwi\u0105zku Polskich Artyst\u00f3w Fotografik\u00f3w. Absolwent Filologii Polskiej Uniwersytetu Jagiello\u0144skiego, w latach 1992 &#8211; 97 asystent w Katedrze Teorii Literatury UJ, wyk\u0142adowca fotografii artystycznej i reklamowej w Studium Aran\u017cacji Wn\u0119trz w Krakowie, ilustrator ksi\u0105\u017cek dla dzieci. Bra\u0142 udzia\u0142 w kilkudziesi\u0119ciu wystawach zbiorowych &hellip; <a href=\"https:\/\/foto.pk.edu.pl\/index.php\/wykladowcy\/andrzej-pilichowski-ragno\/\">Continue reading <span class=\"meta-nav\">&rarr;<\/span><\/a><\/p>\n","protected":false},"author":1,"featured_media":0,"parent":18,"menu_order":0,"comment_status":"closed","ping_status":"closed","template":"template-full-width.php","meta":{"ngg_post_thumbnail":0,"footnotes":""},"_links":{"self":[{"href":"https:\/\/foto.pk.edu.pl\/index.php\/wp-json\/wp\/v2\/pages\/306"}],"collection":[{"href":"https:\/\/foto.pk.edu.pl\/index.php\/wp-json\/wp\/v2\/pages"}],"about":[{"href":"https:\/\/foto.pk.edu.pl\/index.php\/wp-json\/wp\/v2\/types\/page"}],"author":[{"embeddable":true,"href":"https:\/\/foto.pk.edu.pl\/index.php\/wp-json\/wp\/v2\/users\/1"}],"replies":[{"embeddable":true,"href":"https:\/\/foto.pk.edu.pl\/index.php\/wp-json\/wp\/v2\/comments?post=306"}],"version-history":[{"count":1,"href":"https:\/\/foto.pk.edu.pl\/index.php\/wp-json\/wp\/v2\/pages\/306\/revisions"}],"predecessor-version":[{"id":920,"href":"https:\/\/foto.pk.edu.pl\/index.php\/wp-json\/wp\/v2\/pages\/306\/revisions\/920"}],"up":[{"embeddable":true,"href":"https:\/\/foto.pk.edu.pl\/index.php\/wp-json\/wp\/v2\/pages\/18"}],"wp:attachment":[{"href":"https:\/\/foto.pk.edu.pl\/index.php\/wp-json\/wp\/v2\/media?parent=306"}],"curies":[{"name":"wp","href":"https:\/\/api.w.org\/{rel}","templated":true}]}}