{"id":292,"date":"2012-08-31T18:00:59","date_gmt":"2012-08-31T16:00:59","guid":{"rendered":"http:\/\/foto.arch.pk.edu.pl\/?page_id=292"},"modified":"2020-08-31T14:32:41","modified_gmt":"2020-08-31T12:32:41","slug":"zbigniew-wiklacz","status":"publish","type":"page","link":"https:\/\/foto.pk.edu.pl\/index.php\/wykladowcy\/zbigniew-wiklacz\/","title":{"rendered":"Zbigniew Wik\u0142acz"},"content":{"rendered":"<p>Kierownik Otwartego Studium Fotografii PK. Absolwent Wydzia\u0142u Architektury Politechniki Krakowskiej oraz Studium Podyplomowego CAAD Politechniki w Zurychu. Profesor w Instytucie Historii Architektury i Konserwacji Zabytk\u00f3w WAPK, cz\u0142onek Zwi\u0105zku Polskich Artyst\u00f3w Fotografik\u00f3w. Autor kilkudziesi\u0119ciu zrealizowanych projekt\u00f3w architektonicznych i jedenastu indywidualnych wystaw fotografii. Od 1997 roku naucza projektowania architektonicznego. Od 2004 roku prowadzi tak\u017ce zaj\u0119cia z fotografii w ramach program\u00f3w Socrates i Erasmus. <a href=\"http:\/\/www.pk.edu.pl\/wiklacz\/\" target=\"_blank\" rel=\"noopener noreferrer\">wi\u0119cej&#8230;<\/a><\/p>\n","protected":false},"excerpt":{"rendered":"<p>Kierownik Otwartego Studium Fotografii PK. Absolwent Wydzia\u0142u Architektury Politechniki Krakowskiej oraz Studium Podyplomowego CAAD Politechniki w Zurychu. Profesor w Instytucie Historii Architektury i Konserwacji Zabytk\u00f3w WAPK, cz\u0142onek Zwi\u0105zku Polskich Artyst\u00f3w Fotografik\u00f3w. Autor kilkudziesi\u0119ciu zrealizowanych projekt\u00f3w architektonicznych i jedenastu indywidualnych wystaw fotografii. Od 1997 roku naucza projektowania architektonicznego. Od 2004 roku prowadzi tak\u017ce zaj\u0119cia z fotografii &hellip; <a href=\"https:\/\/foto.pk.edu.pl\/index.php\/wykladowcy\/zbigniew-wiklacz\/\">Continue reading <span class=\"meta-nav\">&rarr;<\/span><\/a><\/p>\n","protected":false},"author":1,"featured_media":0,"parent":18,"menu_order":0,"comment_status":"closed","ping_status":"closed","template":"template-full-width.php","meta":{"ngg_post_thumbnail":0,"footnotes":""},"_links":{"self":[{"href":"https:\/\/foto.pk.edu.pl\/index.php\/wp-json\/wp\/v2\/pages\/292"}],"collection":[{"href":"https:\/\/foto.pk.edu.pl\/index.php\/wp-json\/wp\/v2\/pages"}],"about":[{"href":"https:\/\/foto.pk.edu.pl\/index.php\/wp-json\/wp\/v2\/types\/page"}],"author":[{"embeddable":true,"href":"https:\/\/foto.pk.edu.pl\/index.php\/wp-json\/wp\/v2\/users\/1"}],"replies":[{"embeddable":true,"href":"https:\/\/foto.pk.edu.pl\/index.php\/wp-json\/wp\/v2\/comments?post=292"}],"version-history":[{"count":5,"href":"https:\/\/foto.pk.edu.pl\/index.php\/wp-json\/wp\/v2\/pages\/292\/revisions"}],"predecessor-version":[{"id":1144,"href":"https:\/\/foto.pk.edu.pl\/index.php\/wp-json\/wp\/v2\/pages\/292\/revisions\/1144"}],"up":[{"embeddable":true,"href":"https:\/\/foto.pk.edu.pl\/index.php\/wp-json\/wp\/v2\/pages\/18"}],"wp:attachment":[{"href":"https:\/\/foto.pk.edu.pl\/index.php\/wp-json\/wp\/v2\/media?parent=292"}],"curies":[{"name":"wp","href":"https:\/\/api.w.org\/{rel}","templated":true}]}}