{"id":288,"date":"2012-08-31T17:17:16","date_gmt":"2012-08-31T15:17:16","guid":{"rendered":"http:\/\/foto.arch.pk.edu.pl\/?page_id=288"},"modified":"2024-04-05T12:54:37","modified_gmt":"2024-04-05T10:54:37","slug":"monika-kozien","status":"publish","type":"page","link":"https:\/\/foto.pk.edu.pl\/index.php\/wykladowcy\/monika-kozien\/","title":{"rendered":"Monika Kozie\u0144"},"content":{"rendered":"<p>Pracuje w Muzeum Fotografii w Krakowie. Historyczka sztuki, cz\u0142onkini AICA i Forum Edukator\u00f3w Muzealnych. Autorka i kuratorka wystaw, autorka tekst\u00f3w, wyk\u0142ad\u00f3w i program\u00f3w edukacyjnych. Prowadzi badania dotycz\u0105ce sztuki wsp\u00f3\u0142czesnej, kulturowej i spo\u0142ecznej roli obrazu, a tak\u017ce historii i teorii obrazu; kuratorka kolekcji sztuki wsp\u00f3\u0142czesnej w zbiorach MuFo.<\/p>\n","protected":false},"excerpt":{"rendered":"<p>Pracuje w Muzeum Fotografii w Krakowie. Historyczka sztuki, cz\u0142onkini AICA i Forum Edukator\u00f3w Muzealnych. Autorka i kuratorka wystaw, autorka tekst\u00f3w, wyk\u0142ad\u00f3w i program\u00f3w edukacyjnych. Prowadzi badania dotycz\u0105ce sztuki wsp\u00f3\u0142czesnej, kulturowej i spo\u0142ecznej roli obrazu, a tak\u017ce historii i teorii obrazu; kuratorka kolekcji sztuki wsp\u00f3\u0142czesnej w zbiorach MuFo.<\/p>\n","protected":false},"author":1,"featured_media":0,"parent":18,"menu_order":0,"comment_status":"closed","ping_status":"closed","template":"template-full-width.php","meta":{"ngg_post_thumbnail":0,"footnotes":""},"_links":{"self":[{"href":"https:\/\/foto.pk.edu.pl\/index.php\/wp-json\/wp\/v2\/pages\/288"}],"collection":[{"href":"https:\/\/foto.pk.edu.pl\/index.php\/wp-json\/wp\/v2\/pages"}],"about":[{"href":"https:\/\/foto.pk.edu.pl\/index.php\/wp-json\/wp\/v2\/types\/page"}],"author":[{"embeddable":true,"href":"https:\/\/foto.pk.edu.pl\/index.php\/wp-json\/wp\/v2\/users\/1"}],"replies":[{"embeddable":true,"href":"https:\/\/foto.pk.edu.pl\/index.php\/wp-json\/wp\/v2\/comments?post=288"}],"version-history":[{"count":3,"href":"https:\/\/foto.pk.edu.pl\/index.php\/wp-json\/wp\/v2\/pages\/288\/revisions"}],"predecessor-version":[{"id":2040,"href":"https:\/\/foto.pk.edu.pl\/index.php\/wp-json\/wp\/v2\/pages\/288\/revisions\/2040"}],"up":[{"embeddable":true,"href":"https:\/\/foto.pk.edu.pl\/index.php\/wp-json\/wp\/v2\/pages\/18"}],"wp:attachment":[{"href":"https:\/\/foto.pk.edu.pl\/index.php\/wp-json\/wp\/v2\/media?parent=288"}],"curies":[{"name":"wp","href":"https:\/\/api.w.org\/{rel}","templated":true}]}}