{"id":282,"date":"2012-08-31T17:09:10","date_gmt":"2012-08-31T15:09:10","guid":{"rendered":"http:\/\/foto.arch.pk.edu.pl\/?page_id=282"},"modified":"2017-04-18T09:30:57","modified_gmt":"2017-04-18T07:30:57","slug":"anita-andrzejewska-2","status":"publish","type":"page","link":"https:\/\/foto.pk.edu.pl\/index.php\/wykladowcy\/anita-andrzejewska-2\/","title":{"rendered":"Anita Andrzejewska"},"content":{"rendered":"<p>Absolwentka grafiki na krakowskiej ASP, fotografka, podr\u00f3\u017cniczka i ilustratorka ksi\u0105\u017cek dla dzieci. Od lat anga\u017cuje si\u0119 w projekty artystyczno-spo\u0142eczne, \u0142\u0105cz\u0105ce Europ\u0119 i Azj\u0119. Prowadzi\u0142a m.in. warsztaty plastyczne dla dzieci w indyjskim Ahmedabadzie, kilkakrotnie odwiedzi\u0142a te\u017c Iran, gdzie wsp\u00f3\u0142tworzy\u0142a projekty fotograficzno-literackie w Teheranie, Isfahanie, Szirazie i antycznym mie\u015bcie Jazd.<br \/>\nStypendystka Ministra Kultury, zdobywczyni licznych nagr\u00f3d krajowych i zagranicznych, m.in. w konkursie na projekt fotograficzny dla ameryka\u0144skiego Santa Fe Center for Visual Arts oraz w zorganizowanym we Francji konkursie ilustracji dzieci\u0119cej Figures Futur.  Swoje prace wystawia\u0142a w Japonii, USA, Iranie, Turcji, Niemczech, Czechach, Francji, Grecji, Hiszpanii, na W\u0119grzech i S\u0142owacji. Jej najnowsz\u0105 du\u017c\u0105 wystaw\u0105 (prezentowan\u0105 w Krakowie, \u0141odzi i Warszawie) jest projekt \u201ePatrz\u0105c\u201d, z\u0142o\u017cony ze zdj\u0119\u0107 wykonanych podczas podr\u00f3\u017cy po Birmie i Tajlandii. <a href=\"http:\/\/anitaandrzejewska.pl\/\" target=_blank>wi\u0119cej&#8230;<\/a><\/p>\n","protected":false},"excerpt":{"rendered":"<p>Absolwentka grafiki na krakowskiej ASP, fotografka, podr\u00f3\u017cniczka i ilustratorka ksi\u0105\u017cek dla dzieci. Od lat anga\u017cuje si\u0119 w projekty artystyczno-spo\u0142eczne, \u0142\u0105cz\u0105ce Europ\u0119 i Azj\u0119. Prowadzi\u0142a m.in. warsztaty plastyczne dla dzieci w indyjskim Ahmedabadzie, kilkakrotnie odwiedzi\u0142a te\u017c Iran, gdzie wsp\u00f3\u0142tworzy\u0142a projekty fotograficzno-literackie w Teheranie, Isfahanie, Szirazie i antycznym mie\u015bcie Jazd. Stypendystka Ministra Kultury, zdobywczyni licznych nagr\u00f3d krajowych &hellip; <a href=\"https:\/\/foto.pk.edu.pl\/index.php\/wykladowcy\/anita-andrzejewska-2\/\">Continue reading <span class=\"meta-nav\">&rarr;<\/span><\/a><\/p>\n","protected":false},"author":1,"featured_media":0,"parent":18,"menu_order":1,"comment_status":"closed","ping_status":"closed","template":"template-full-width.php","meta":{"ngg_post_thumbnail":0,"footnotes":""},"_links":{"self":[{"href":"https:\/\/foto.pk.edu.pl\/index.php\/wp-json\/wp\/v2\/pages\/282"}],"collection":[{"href":"https:\/\/foto.pk.edu.pl\/index.php\/wp-json\/wp\/v2\/pages"}],"about":[{"href":"https:\/\/foto.pk.edu.pl\/index.php\/wp-json\/wp\/v2\/types\/page"}],"author":[{"embeddable":true,"href":"https:\/\/foto.pk.edu.pl\/index.php\/wp-json\/wp\/v2\/users\/1"}],"replies":[{"embeddable":true,"href":"https:\/\/foto.pk.edu.pl\/index.php\/wp-json\/wp\/v2\/comments?post=282"}],"version-history":[{"count":1,"href":"https:\/\/foto.pk.edu.pl\/index.php\/wp-json\/wp\/v2\/pages\/282\/revisions"}],"predecessor-version":[{"id":928,"href":"https:\/\/foto.pk.edu.pl\/index.php\/wp-json\/wp\/v2\/pages\/282\/revisions\/928"}],"up":[{"embeddable":true,"href":"https:\/\/foto.pk.edu.pl\/index.php\/wp-json\/wp\/v2\/pages\/18"}],"wp:attachment":[{"href":"https:\/\/foto.pk.edu.pl\/index.php\/wp-json\/wp\/v2\/media?parent=282"}],"curies":[{"name":"wp","href":"https:\/\/api.w.org\/{rel}","templated":true}]}}