{"id":18,"date":"2012-07-22T19:17:30","date_gmt":"2012-07-22T17:17:30","guid":{"rendered":"http:\/\/riad.usk.pk.edu.pl\/~foto\/wordpress\/?page_id=18"},"modified":"2024-04-05T12:51:09","modified_gmt":"2024-04-05T10:51:09","slug":"wykladowcy","status":"publish","type":"page","link":"https:\/\/foto.pk.edu.pl\/index.php\/wykladowcy\/","title":{"rendered":"Wyk\u0142adowcy"},"content":{"rendered":"<p>Anita Andrzejewska <a href=\"https:\/\/foto.pk.edu.pl\/?page_id=282\/\">wi\u0119cej&#8230;<\/a><br \/>\nKarolina Harazim <a href=\"https:\/\/foto.pk.edu.pl\/?page_id=348\">wi\u0119cej&#8230;<\/a><br \/>\nPiotr Kotucha <a href=\"https:\/\/foto.pk.edu.pl\/?page_id=336\">wi\u0119cej&#8230;<\/a><br \/>\nMonika Kozie\u0144 <a href=\"https:\/\/foto.pk.edu.pl\/?page_id=288\/\">wi\u0119cej&#8230;<\/a><br \/>\nMarek Maszczak <a href=\"https:\/\/foto.pk.edu.pl\/?page_id=753\">wi\u0119cej&#8230;<\/a><br \/>\nMaciej Motak <a href=\"https:\/\/foto.pk.edu.pl\/?page_id=331\">wi\u0119cej&#8230;<\/a><br \/>\nAndrzej Pilichowski-Ragno <a href=\"https:\/\/foto.pk.edu.pl\/?page_id=306\">wi\u0119cej&#8230;<\/a><br \/>\nZbigniew Wik\u0142acz <a href=\"https:\/\/foto.pk.edu.pl\/?page_id=292\">wi\u0119cej&#8230;<\/a><\/p>\n","protected":false},"excerpt":{"rendered":"<p>Anita Andrzejewska wi\u0119cej&#8230; Karolina Harazim wi\u0119cej&#8230; Piotr Kotucha wi\u0119cej&#8230; Monika Kozie\u0144 wi\u0119cej&#8230; Marek Maszczak wi\u0119cej&#8230; Maciej Motak wi\u0119cej&#8230; Andrzej Pilichowski-Ragno wi\u0119cej&#8230; Zbigniew Wik\u0142acz wi\u0119cej&#8230;<\/p>\n","protected":false},"author":1,"featured_media":0,"parent":0,"menu_order":5,"comment_status":"closed","ping_status":"closed","template":"template-full-width.php","meta":{"ngg_post_thumbnail":0,"footnotes":""},"_links":{"self":[{"href":"https:\/\/foto.pk.edu.pl\/index.php\/wp-json\/wp\/v2\/pages\/18"}],"collection":[{"href":"https:\/\/foto.pk.edu.pl\/index.php\/wp-json\/wp\/v2\/pages"}],"about":[{"href":"https:\/\/foto.pk.edu.pl\/index.php\/wp-json\/wp\/v2\/types\/page"}],"author":[{"embeddable":true,"href":"https:\/\/foto.pk.edu.pl\/index.php\/wp-json\/wp\/v2\/users\/1"}],"replies":[{"embeddable":true,"href":"https:\/\/foto.pk.edu.pl\/index.php\/wp-json\/wp\/v2\/comments?post=18"}],"version-history":[{"count":8,"href":"https:\/\/foto.pk.edu.pl\/index.php\/wp-json\/wp\/v2\/pages\/18\/revisions"}],"predecessor-version":[{"id":2038,"href":"https:\/\/foto.pk.edu.pl\/index.php\/wp-json\/wp\/v2\/pages\/18\/revisions\/2038"}],"wp:attachment":[{"href":"https:\/\/foto.pk.edu.pl\/index.php\/wp-json\/wp\/v2\/media?parent=18"}],"curies":[{"name":"wp","href":"https:\/\/api.w.org\/{rel}","templated":true}]}}