{"id":1320,"date":"2023-02-25T11:53:32","date_gmt":"2023-02-25T10:53:32","guid":{"rendered":"http:\/\/foto.pk.edu.pl\/?page_id=1320"},"modified":"2024-02-08T13:13:05","modified_gmt":"2024-02-08T12:13:05","slug":"galeria-jesien-2022","status":"publish","type":"page","link":"https:\/\/foto.pk.edu.pl\/index.php\/galeria\/galeria-jesien-2022\/","title":{"rendered":"Galeria &#8211; &#8222;jesie\u0144 2022&#8221;"},"content":{"rendered":"<p><strong>Wystawa fotografii uczestnik\u00f3w kursu &#8222;jesie\u0144 2022&#8221;<br \/>\n<\/strong><br \/>\n\t<div class='ngg-imagebrowser default-view'\n\t\tid='ngg-imagebrowser-41b610a7de12861bd9089028d2da9908-1320'\n\t\tdata-nextgen-gallery-id=\"41b610a7de12861bd9089028d2da9908\">\n\n\t\t<h3>Adrian-Palich-01<\/h3>\n\n\t\t<div id=\"ngg-image-0\" class=\"pic\" \n\t\t\t\t\t>\n\t\t<a href='https:\/\/foto.pk.edu.pl\/wp-content\/gallery\/jesien-2022\/Adrian-Palich-01.jpg'\n\t\t\ttitle=' '\n\t\t\tdata-src=\"https:\/\/foto.pk.edu.pl\/wp-content\/gallery\/jesien-2022\/Adrian-Palich-01.jpg\"\n\t\t\tdata-thumbnail=\"https:\/\/foto.pk.edu.pl\/wp-content\/gallery\/jesien-2022\/thumbs\/thumbs-Adrian-Palich-01.jpg\"\n\t\t\tdata-image-id=\"211\"\n\t\t\tdata-title=\"Adrian-Palich-01\"\n\t\t\tdata-description=\" \"\n\t\t\tclass=\"ngg-simplelightbox\" rel=\"41b610a7de12861bd9089028d2da9908\">\n\t\t\t<img title='Adrian-Palich-01'\n\t\t\t\talt='Adrian-Palich-01'\n\t\t\t\tsrc='https:\/\/foto.pk.edu.pl\/wp-content\/gallery\/jesien-2022\/Adrian-Palich-01.jpg'\/>\n\t\t<\/a>\n\t\t\n\t\t<\/div>\n\t\t<div class='ngg-imagebrowser-nav'>\n\n\t\t\t<div class='back'>\n\t\t\t\t<a class='ngg-browser-prev'\n\t\t\t\t\tid='ngg-prev-279'\n\t\t\t\t\thref='https:\/\/foto.pk.edu.pl\/index.php\/galeria\/galeria-jesien-2022\/nggallery\/image\/szymon-rybak-05'>\n\t\t\t\t\t<i class=\"fa fa-chevron-left\" aria-hidden=\"true\"><\/i>\n\t\t\t\t<\/a>\n\t\t\t<\/div>\n\n\t\t\t<div class='next'>\n\t\t\t\t<a class='ngg-browser-next'\n\t\t\t\t\tid='ngg-next-213'\n\t\t\t\t\thref='https:\/\/foto.pk.edu.pl\/index.php\/galeria\/galeria-jesien-2022\/nggallery\/image\/adrian-palich-02'>\n\t\t\t\t\t<i class=\"fa fa-chevron-right\" aria-hidden=\"true\"><\/i>\n\t\t\t\t<\/a>\n\t\t\t<\/div>\n\n\t\t\t<div class='counter'>\n\t\t\t\tZdj\u0119cie\t\t\t\t1\t\t\t\tz\t\t\t\t70\t\t\t<\/div>\n\n\t\t\t<div class='ngg-imagebrowser-desc'>\n\t\t\t\t<p> <\/p>\n\t\t\t<\/div>\n\n\t\t<\/div>\n\t<\/div>\n<\/p>\n","protected":false},"excerpt":{"rendered":"<p>Wystawa fotografii uczestnik\u00f3w kursu &#8222;jesie\u0144 2022&#8221;<\/p>\n","protected":false},"author":1,"featured_media":0,"parent":1147,"menu_order":0,"comment_status":"closed","ping_status":"closed","template":"","meta":{"ngg_post_thumbnail":0,"footnotes":""},"_links":{"self":[{"href":"https:\/\/foto.pk.edu.pl\/index.php\/wp-json\/wp\/v2\/pages\/1320"}],"collection":[{"href":"https:\/\/foto.pk.edu.pl\/index.php\/wp-json\/wp\/v2\/pages"}],"about":[{"href":"https:\/\/foto.pk.edu.pl\/index.php\/wp-json\/wp\/v2\/types\/page"}],"author":[{"embeddable":true,"href":"https:\/\/foto.pk.edu.pl\/index.php\/wp-json\/wp\/v2\/users\/1"}],"replies":[{"embeddable":true,"href":"https:\/\/foto.pk.edu.pl\/index.php\/wp-json\/wp\/v2\/comments?post=1320"}],"version-history":[{"count":21,"href":"https:\/\/foto.pk.edu.pl\/index.php\/wp-json\/wp\/v2\/pages\/1320\/revisions"}],"predecessor-version":[{"id":1955,"href":"https:\/\/foto.pk.edu.pl\/index.php\/wp-json\/wp\/v2\/pages\/1320\/revisions\/1955"}],"up":[{"embeddable":true,"href":"https:\/\/foto.pk.edu.pl\/index.php\/wp-json\/wp\/v2\/pages\/1147"}],"wp:attachment":[{"href":"https:\/\/foto.pk.edu.pl\/index.php\/wp-json\/wp\/v2\/media?parent=1320"}],"curies":[{"name":"wp","href":"https:\/\/api.w.org\/{rel}","templated":true}]}}