{"id":1147,"date":"2020-09-29T10:51:44","date_gmt":"2020-09-29T08:51:44","guid":{"rendered":"http:\/\/foto.pk.edu.pl\/?page_id=1147"},"modified":"2024-02-08T12:02:14","modified_gmt":"2024-02-08T11:02:14","slug":"galeria","status":"publish","type":"page","link":"https:\/\/foto.pk.edu.pl\/index.php\/galeria\/","title":{"rendered":"Galeria"},"content":{"rendered":"<ul>\n<a href=\"https:\/\/foto.pk.edu.pl\/index.php\/galeria\/galeria-jesien-2022\/\"><strong>wystawa fotografii uczestnik\u00f3w kursu &#8222;jesie\u0144 2022&#8221;<\/strong><\/a><br \/>\n<a href=\"https:\/\/foto.pk.edu.pl\/index.php\/galeria\/galeria-wiosna-2023\/\"><strong>wystawa fotografii uczestnik\u00f3w kursu &#8222;wiosna 2023&#8221;<\/strong><\/a>\n<\/ul>\n","protected":false},"excerpt":{"rendered":"<p>wystawa fotografii uczestnik\u00f3w kursu &#8222;jesie\u0144 2022&#8221; wystawa fotografii uczestnik\u00f3w kursu &#8222;wiosna 2023&#8221;<\/p>\n","protected":false},"author":1,"featured_media":0,"parent":0,"menu_order":10,"comment_status":"closed","ping_status":"closed","template":"","meta":{"ngg_post_thumbnail":0,"footnotes":""},"_links":{"self":[{"href":"https:\/\/foto.pk.edu.pl\/index.php\/wp-json\/wp\/v2\/pages\/1147"}],"collection":[{"href":"https:\/\/foto.pk.edu.pl\/index.php\/wp-json\/wp\/v2\/pages"}],"about":[{"href":"https:\/\/foto.pk.edu.pl\/index.php\/wp-json\/wp\/v2\/types\/page"}],"author":[{"embeddable":true,"href":"https:\/\/foto.pk.edu.pl\/index.php\/wp-json\/wp\/v2\/users\/1"}],"replies":[{"embeddable":true,"href":"https:\/\/foto.pk.edu.pl\/index.php\/wp-json\/wp\/v2\/comments?post=1147"}],"version-history":[{"count":17,"href":"https:\/\/foto.pk.edu.pl\/index.php\/wp-json\/wp\/v2\/pages\/1147\/revisions"}],"predecessor-version":[{"id":1519,"href":"https:\/\/foto.pk.edu.pl\/index.php\/wp-json\/wp\/v2\/pages\/1147\/revisions\/1519"}],"wp:attachment":[{"href":"https:\/\/foto.pk.edu.pl\/index.php\/wp-json\/wp\/v2\/media?parent=1147"}],"curies":[{"name":"wp","href":"https:\/\/api.w.org\/{rel}","templated":true}]}}